{"id":123,"date":"2025-05-03T18:14:54","date_gmt":"2025-05-03T18:14:54","guid":{"rendered":"https:\/\/exsolteknoloji.com\/?page_id=123"},"modified":"2025-07-31T10:47:33","modified_gmt":"2025-07-31T10:47:33","slug":"yenilenebilir-enerji-depolama-cozumleri","status":"publish","type":"page","link":"https:\/\/exsol.com.tr\/tr\/yenilenebilir-enerji-depolama-cozumleri\/","title":{"rendered":"Enerji Depolama Sistemleri"},"content":{"rendered":"\t\t<div data-elementor-type=\"wp-page\" data-elementor-id=\"123\" class=\"elementor elementor-123\" data-elementor-post-type=\"page\">\n\t\t\t\t<div class=\"elementor-element elementor-element-9a85470 e-flex e-con-boxed e-con e-parent\" data-id=\"9a85470\" data-element_type=\"container\">\n\t\t\t\t\t<div class=\"e-con-inner\">\n\t\t\t\t<div class=\"elementor-element elementor-element-8572013 elementor-widget elementor-widget-html\" data-id=\"8572013\" data-element_type=\"widget\" data-widget_type=\"html.default\">\n\t\t\t\t<div class=\"elementor-widget-container\">\n\t\t\t\t\t<!DOCTYPE html>\r\n<html lang=\"tr\">\r\n<head>\r\n  <meta charset=\"UTF-8\" \/>\r\n  <meta name=\"viewport\" content=\"width=device-width, initial-scale=1\" \/>\r\n  <link href=\"https:\/\/fonts.googleapis.com\/css2?family=Montserrat:wght@400;600;700&display=swap\" rel=\"stylesheet\">\r\n  <style>\r\n    * {\r\n      margin: 0;\r\n      padding: 0;\r\n      box-sizing: border-box;\r\n    }\r\n\r\n    body {\r\n      font-family: 'Montserrat', sans-serif;\r\n      background-color: #f4f4f4;\r\n      color: #222;\r\n    }\r\n\r\n    .bess_478sdf {\r\n      display: flex;\r\n      align-items: center;\r\n      justify-content: space-between;\r\n      gap: 40px;\r\n      flex-wrap: wrap;\r\n      max-width: 1200px;\r\n      margin: 80px auto;\r\n      padding: 0 20px;\r\n      width: 100%;\r\n    }\r\n\r\n    .text_sdf89xx {\r\n      flex: 1;\r\n      padding-right: 40px;\r\n    }\r\n\r\n    .text_sdf89xx h1 {\r\n      font-size: 36px;\r\n      font-weight: 600;\r\n      margin-bottom: 20px;\r\n      color: #9c1c14;\r\n      opacity: 0;\r\n      transform: translateY(30px);\r\n      transition: all 0.6s ease;\r\n    }\r\n\r\n    .text_sdf89xx.active_h1_334 h1 {\r\n      opacity: 1;\r\n      transform: translateY(0);\r\n    }\r\n\r\n    .text_sdf89xx p {\r\n      font-size: 16px;\r\n      line-height: 1.6;\r\n    }\r\n\r\n    .imgWrap_asd823 {\r\n      flex: 1;\r\n      position: relative;\r\n      height: 400px;\r\n      border-radius: 10px;\r\n      overflow: hidden;\r\n      margin-top: 95px;\r\n    }\r\n\r\n    .imgWrap_asd823 img {\r\n      width: 100%;\r\n      height: 100%;\r\n      object-fit: cover;\r\n      display: block;\r\n      filter: brightness(70%);\r\n    }\r\n\r\n    @media (max-width: 768px) {\r\n      .bess_478sdf {\r\n        flex-direction: column;\r\n        padding: 40px 20px;\r\n      }\r\n\r\n      .text_sdf89xx {\r\n        padding-right: 0;\r\n        margin-bottom: 20px;\r\n        order: 1;\r\n      }\r\n\r\n      .imgWrap_asd823 {\r\n        order: 2;\r\n        height: 250px;\r\n        width: 100%;\r\n        margin-top: 20px;\r\n      }\r\n    }\r\n  <\/style>\r\n<\/head>\r\n<body>\r\n\r\n  <section class=\"bess_478sdf\">\r\n    <div class=\"text_sdf89xx\" id=\"scrollText\">\r\n      <h1>ENERJ\u0130 DEPOLAMA \u00c7\u00d6Z\u00dcMLER\u0130<\/h1>\r\n      <p>\r\n        Batarya Enerji Depolama Sistemi, enerjinin daha verimli, g\u00fcvenli ve s\u00fcrd\u00fcr\u00fclebilir bir \u015fekilde y\u00f6netilmesini sa\u011flayan sistemlerdir. Bu \u00e7\u00f6z\u00fcmler, elektrik \u015febekesinin dengelenmesinden, yenilenebilir enerji kaynaklar\u0131n\u0131n entegrasyonuna kadar bir\u00e7ok kritik s\u00fcre\u00e7te \u00f6nemli rol oynar.<br><br>\r\n        Enerji talebinin y\u00fcksek oldu\u011fu anlarda devreye girerek t\u00fcketimi optimize eden BESS sistemleri; ayn\u0131 zamanda \u00fcretim fazlas\u0131 enerjiyi depolayarak daha sonra kullan\u0131lmas\u0131na olanak tan\u0131r. B\u00f6ylece hem enerji s\u00fcreklili\u011fi sa\u011flan\u0131r hem de maliyetlerde \u00f6nemli \u00f6l\u00e7\u00fcde tasarruf elde edilir.<br><br>\r\n        G\u00fcn\u00fcm\u00fczde sanayi tesislerinden konut uygulamalar\u0131na, tar\u0131m alanlar\u0131ndan elektrikli ara\u00e7 altyap\u0131lar\u0131na kadar geni\u015f bir kullan\u0131m alan\u0131na sahip olan enerji depolama sistemleri; esnek yap\u0131lar\u0131 sayesinde farkl\u0131 \u00f6l\u00e7eklerde projelere entegre edilebilir.\r\n      <\/p>\r\n    <\/div>\r\n\r\n    <div class=\"imgWrap_asd823\">\r\n      <img decoding=\"async\" src=\"https:\/\/exsol.com.tr\/wp-content\/uploads\/2025\/07\/124561-1.jpg\" alt=\"Enerji Depolama G\u00f6rseli\">\r\n    <\/div>\r\n  <\/section>\r\n\r\n  <script>\r\n    window.addEventListener('DOMContentLoaded', () => {\r\n      document.getElementById('scrollText').classList.add('active_h1_334');\r\n    });\r\n  <\/script>\r\n\r\n<\/body>\r\n<\/html>\r\n\t\t\t\t<\/div>\n\t\t\t\t<\/div>\n\t\t\t\t\t<\/div>\n\t\t\t\t<\/div>\n\t\t<div class=\"elementor-element elementor-element-7f94626 e-flex e-con-boxed e-con e-parent\" data-id=\"7f94626\" data-element_type=\"container\">\n\t\t\t\t\t<div class=\"e-con-inner\">\n\t\t\t\t<div class=\"elementor-element elementor-element-0259056 elementor-widget elementor-widget-html\" data-id=\"0259056\" data-element_type=\"widget\" data-widget_type=\"html.default\">\n\t\t\t\t<div class=\"elementor-widget-container\">\n\t\t\t\t\t<style>\r\n  .bnr_9a2xkl {\r\n    position: relative;\r\n    height: 500px;\r\n    background-image: url('https:\/\/exsol.com.tr\/wp-content\/uploads\/2025\/07\/193501-1.jpg');\r\n    background-attachment: fixed;\r\n    background-size: cover;\r\n    background-position: center;\r\n    width: 100vw;\r\n    margin-left: calc(-50vw + 50%);\r\n    overflow: hidden;\r\n  }\r\n\r\n  .bnr_9a2xkl::before {\r\n    content: \"\";\r\n    position: absolute;\r\n    inset: 0;\r\n    background-color: rgba(0, 0, 0, 0.4);\r\n    z-index: 1;\r\n  }\r\n\r\n  @media (max-width: 768px) {\r\n    .bnr_9a2xkl {\r\n      height: 300px;\r\n      background-attachment: scroll !important;\r\n      margin-left: 0;\r\n      width: 100%;\r\n    }\r\n  }\r\n<\/style>\r\n\r\n<section class=\"bnr_9a2xkl\">\r\n  <!-- Sadece g\u00f6rsel, yaz\u0131 eklenmeyecek -->\r\n<\/section>\r\n\t\t\t\t<\/div>\n\t\t\t\t<\/div>\n\t\t\t\t\t<\/div>\n\t\t\t\t<\/div>\n\t\t<div class=\"elementor-element elementor-element-af72069 e-flex e-con-boxed e-con e-parent\" data-id=\"af72069\" data-element_type=\"container\">\n\t\t\t\t\t<div class=\"e-con-inner\">\n\t\t\t\t<div class=\"elementor-element elementor-element-7ed3961 elementor-widget elementor-widget-html\" data-id=\"7ed3961\" data-element_type=\"widget\" data-widget_type=\"html.default\">\n\t\t\t\t<div class=\"elementor-widget-container\">\n\t\t\t\t\t<section class=\"sistm_193jksa\">\r\n  <style>\r\n    .sistm_193jksa {\r\n      display: flex;\r\n      align-items: center;\r\n      justify-content: space-between;\r\n      gap: 40px;\r\n      flex-wrap: wrap;\r\n      max-width: 1200px;\r\n      margin: 80px auto;\r\n      padding: 0 20px;\r\n      width: 100%;\r\n    }\r\n\r\n    .yaziblo_11a3k {\r\n      flex: 1 1 500px;\r\n    }\r\n\r\n    .yaziblo_11a3k h2 {\r\n      font-size: 30px;\r\n      font-weight: 600;\r\n      margin-bottom: 20px;\r\n      color: #9c1c14;\r\n      opacity: 0;\r\n      transform: translateY(30px);\r\n      transition: all 0.6s ease;\r\n    }\r\n\r\n    .yaziblo_11a3k.active_h2_kat34 h2 {\r\n      opacity: 1;\r\n      transform: translateY(0);\r\n    }\r\n\r\n    .yaziblo_11a3k p {\r\n      font-size: 16px;\r\n      line-height: 1.6;\r\n    }\r\n\r\n    .resmWrap_s39ka {\r\n      flex: 1 1 400px;\r\n      min-height: 300px;\r\n      background-image: linear-gradient(rgba(0,0,0,0.3), rgba(0,0,0,0.3)), url('https:\/\/exsol.com.tr\/wp-content\/uploads\/2025\/07\/124316-2-1.jpg');\r\n      background-size: cover;\r\n      background-position: center;\r\n      margin-top: 75px;\r\n      border-radius: 10px;\r\n    }\r\n\r\n    @media (max-width: 768px) {\r\n      .sistm_193jksa {\r\n        padding: 40px 20px;\r\n        flex-direction: column;\r\n      }\r\n\r\n      .resmWrap_s39ka {\r\n        width: 100%;\r\n        min-height: 250px;\r\n      }\r\n\r\n      .yaziblo_11a3k {\r\n        margin-bottom: 20px;\r\n      }\r\n    }\r\n  <\/style>\r\n\r\n  <div class=\"yaziblo_11a3k\" id=\"scrollText2\">\r\n    <h2>ENERJ\u0130 DEPOLAMA S\u0130STEM T\u00dcRLER\u0130<\/h2>\r\n    <p>\r\n      Enerji depolama sistemleri, farkl\u0131 ihtiya\u00e7lara g\u00f6re \u00e7e\u015fitli teknolojilerle sunulmaktad\u0131r. Uygulaman\u0131n b\u00fcy\u00fckl\u00fc\u011f\u00fc, kullan\u0131m amac\u0131 ve b\u00fct\u00e7eye g\u00f6re do\u011fru sistem tipi se\u00e7ilmelidir. Yayg\u0131n kullan\u0131lan ba\u015fl\u0131ca enerji depolama sistemleri \u015funlard\u0131r:\r\n      <br><br>\r\n      <strong>Lityum-\u0130yon Batarya Sistemleri:<\/strong> Y\u00fcksek enerji yo\u011funlu\u011fu, uzun \u00f6m\u00fcr, d\u00fc\u015f\u00fck bak\u0131m ihtiyac\u0131.<br>\r\n      <strong>Kur\u015fun-Asit Bataryalar:<\/strong> Uygun maliyetli, d\u00fc\u015f\u00fck g\u00fc\u00e7l\u00fc sistemler i\u00e7in ideal.<br>\r\n      <strong>Hibrit Sistemler:<\/strong> G\u00fcne\u015f + Batarya + \u015eebeke entegre \u00e7\u00f6z\u00fcmler.<br>\r\n      <strong>End\u00fcstriyel Tip Sistemler:<\/strong> B\u00fcy\u00fck \u00f6l\u00e7ekli projeler i\u00e7in \u00f6zel m\u00fchendislik \u00e7\u00f6z\u00fcmleri.\r\n    <\/p>\r\n  <\/div>\r\n\r\n  <div class=\"resmWrap_s39ka\"><\/div>\r\n\r\n  <script>\r\n    const scrollText2 = document.getElementById('scrollText2');\r\n    window.addEventListener('scroll', () => {\r\n      const rect2 = scrollText2.getBoundingClientRect();\r\n      if (rect2.top < window.innerHeight - 100) {\r\n        scrollText2.classList.add('active_h2_kat34');\r\n      }\r\n    });\r\n  <\/script>\r\n<\/section>\r\n\t\t\t\t<\/div>\n\t\t\t\t<\/div>\n\t\t\t\t\t<\/div>\n\t\t\t\t<\/div>\n\t\t<div class=\"elementor-element elementor-element-522a676 e-flex e-con-boxed e-con e-parent\" data-id=\"522a676\" data-element_type=\"container\">\n\t\t\t\t\t<div class=\"e-con-inner\">\n\t\t\t\t<div class=\"elementor-element elementor-element-9bc802f elementor-widget elementor-widget-html\" data-id=\"9bc802f\" data-element_type=\"widget\" data-widget_type=\"html.default\">\n\t\t\t\t<div class=\"elementor-widget-container\">\n\t\t\t\t\t<style>\r\n  .bannrBox_m1lxe7 {\r\n    position: relative;\r\n    height: 500px;\r\n    background-image: url('https:\/\/exsol.com.tr\/wp-content\/uploads\/2025\/07\/45641-1.jpg');\r\n    background-attachment: fixed;\r\n    background-size: cover;\r\n    background-position: center;\r\n    width: 100vw;\r\n    margin-left: calc(-50vw + 50%);\r\n    overflow: hidden;\r\n  }\r\n\r\n  .bannrBox_m1lxe7::before {\r\n    content: \"\";\r\n    position: absolute;\r\n    inset: 0;\r\n    background-color: rgba(0, 0, 0, 0.4);\r\n    z-index: 1;\r\n  }\r\n\r\n  @media (max-width: 768px) {\r\n    .bannrBox_m1lxe7 {\r\n      height: 300px;\r\n      background-attachment: scroll !important;\r\n      margin-left: 0;\r\n      width: 100%;\r\n    }\r\n  }\r\n<\/style>\r\n\r\n<section class=\"bannrBox_m1lxe7\">\r\n  <!-- Sadece g\u00f6rsel, yaz\u0131 eklenmeyecek -->\r\n<\/section>\r\n\t\t\t\t<\/div>\n\t\t\t\t<\/div>\n\t\t\t\t\t<\/div>\n\t\t\t\t<\/div>\n\t\t<div class=\"elementor-element elementor-element-b617d0f e-flex e-con-boxed e-con e-parent\" data-id=\"b617d0f\" data-element_type=\"container\">\n\t\t\t\t\t<div class=\"e-con-inner\">\n\t\t\t\t<div class=\"elementor-element elementor-element-1d4221d elementor-widget elementor-widget-html\" data-id=\"1d4221d\" data-element_type=\"widget\" data-widget_type=\"html.default\">\n\t\t\t\t<div class=\"elementor-widget-container\">\n\t\t\t\t\t<section class=\"alan_7xka9q\">\r\n  <style>\r\n    .alan_7xka9q {\r\n      max-width: 1200px;\r\n      margin: 80px auto;\r\n      padding: 0 20px;\r\n    }\r\n\r\n    .alan_7xka9q h2 {\r\n      text-align: center;\r\n      font-size: 30px;\r\n      font-weight: 600;\r\n      color: #9c1c14;\r\n      margin-bottom: 50px;\r\n      opacity: 0;\r\n      transform: translateY(30px);\r\n      transition: all 0.6s ease;\r\n    }\r\n\r\n    .alan_7xka9q.h2_active_kkd23 h2 {\r\n      opacity: 1;\r\n      transform: translateY(0);\r\n    }\r\n\r\n    .grid_9kfjg4 {\r\n      display: grid;\r\n      grid-template-columns: repeat(auto-fit, minmax(250px, 1fr));\r\n      gap: 30px;\r\n    }\r\n\r\n    .kutu_39fsla {\r\n      background: linear-gradient(to bottom, #f2f2f2, #e5e5e5);\r\n      padding: 30px 20px;\r\n      border-radius: 12px;\r\n      box-shadow: 0 0 10px rgba(0,0,0,0.05);\r\n      transition: all 0.3s ease;\r\n    }\r\n\r\n    .kutu_39fsla:hover {\r\n      background: linear-gradient(to bottom, #f9f9f9, #eaeaea);\r\n      box-shadow: 0 10px 20px rgba(0,0,0,0.1);\r\n      transform: translateY(-3px);\r\n    }\r\n\r\n    .kutu_39fsla h3 {\r\n      font-size: 18px;\r\n      font-weight: 600;\r\n      margin-bottom: 10px;\r\n      color: #333;\r\n      display: flex;\r\n      align-items: center;\r\n      gap: 10px;\r\n    }\r\n\r\n    .kutu_39fsla h3::before {\r\n      content: attr(data-icon);\r\n      font-size: 18px;\r\n      color: #9c1c14;\r\n    }\r\n\r\n    .kutu_39fsla p {\r\n      font-size: 15px;\r\n      line-height: 1.6;\r\n      color: #555;\r\n    }\r\n\r\n    @media (max-width: 768px) {\r\n      .alan_7xka9q {\r\n        padding: 60px 5%;\r\n      }\r\n    }\r\n  <\/style>\r\n\r\n  <div id=\"alanH2Scroll\" class=\"alan_7xka9q\">\r\n    <h2>KULLANIM ALANLARI & AVANTAJLAR<\/h2>\r\n\r\n    <div class=\"grid_9kfjg4\">\r\n      <div class=\"kutu_39fsla\">\r\n        <h3 data-icon=\"\ud83c\udfed\">Sanayi Tesisleri<\/h3>\r\n        <p>Y\u00fcksek g\u00fc\u00e7 ihtiyac\u0131n\u0131 kar\u015f\u0131lamak, kesinti riskini azaltmak i\u00e7in ideal \u00e7\u00f6z\u00fcmler.<\/p>\r\n      <\/div>\r\n      <div class=\"kutu_39fsla\">\r\n        <h3 data-icon=\"\ud83d\udd06\">G\u00fcne\u015f Enerji Sistemleri<\/h3>\r\n        <p>G\u00fcnd\u00fcz \u00fcretilen enerjiyi gece de kullanarak tam verimlilik sa\u011flar.<\/p>\r\n      <\/div>\r\n      <div class=\"kutu_39fsla\">\r\n        <h3 data-icon=\"\ud83c\udfe0\">Konut ve Binalar<\/h3>\r\n        <p>Enerji maliyetlerini d\u00fc\u015f\u00fcrmek ve yedekleme sa\u011flamak i\u00e7in ak\u0131ll\u0131 batarya sistemleri.<\/p>\r\n      <\/div>\r\n      <div class=\"kutu_39fsla\">\r\n        <h3 data-icon=\"\ud83c\udf3e\">Tar\u0131m ve Sulama<\/h3>\r\n        <p>Elektrik \u015febekesinin ula\u015fmad\u0131\u011f\u0131 alanlarda enerji s\u00fcreklili\u011fi sunar.<\/p>\r\n      <\/div>\r\n      <div class=\"kutu_39fsla\">\r\n        <h3 data-icon=\"\ud83d\udca1\">Enerji Tasarrufu<\/h3>\r\n        <p>Fazla enerjiyi depolayarak t\u00fcketim an\u0131nda kullan\u0131l\u0131r, maliyet d\u00fc\u015fer.<\/p>\r\n      <\/div>\r\n      <div class=\"kutu_39fsla\">\r\n        <h3 data-icon=\"\ud83d\udd0b\">Kesintisiz G\u00fc\u00e7<\/h3>\r\n        <p>\u015eebeke kesintilerinde otomatik devreye girerek enerji ak\u0131\u015f\u0131n\u0131 s\u00fcrd\u00fcr\u00fcr.<\/p>\r\n      <\/div>\r\n      <div class=\"kutu_39fsla\">\r\n        <h3 data-icon=\"\ud83c\udf0d\">Karbon Ayak \u0130zinin Azalmas\u0131<\/h3>\r\n        <p>Yenilenebilir kaynaklar\u0131n daha verimli kullan\u0131m\u0131yla \u00e7evre dostu \u00e7\u00f6z\u00fcmler.<\/p>\r\n      <\/div>\r\n      <div class=\"kutu_39fsla\">\r\n        <h3 data-icon=\"\u2699\ufe0f\">Esnek ve \u00d6l\u00e7eklenebilir<\/h3>\r\n        <p>Her \u00f6l\u00e7ekten projeye kolayl\u0131kla entegre edilebilir sistem yap\u0131s\u0131.<\/p>\r\n      <\/div>\r\n    <\/div>\r\n  <\/div>\r\n\r\n  <script>\r\n    const alanScroll = document.getElementById(\"alanH2Scroll\");\r\n\r\n    window.addEventListener(\"scroll\", () => {\r\n      const rect = alanScroll.getBoundingClientRect();\r\n      if (rect.top < window.innerHeight - 100) {\r\n        alanScroll.classList.add(\"h2_active_kkd23\");\r\n      }\r\n    });\r\n  <\/script>\r\n<\/section>\r\n\t\t\t\t<\/div>\n\t\t\t\t<\/div>\n\t\t\t\t\t<\/div>\n\t\t\t\t<\/div>\n\t\t<div class=\"elementor-element elementor-element-0e0ae0b e-flex e-con-boxed e-con e-parent\" data-id=\"0e0ae0b\" data-element_type=\"container\">\n\t\t\t\t\t<div class=\"e-con-inner\">\n\t\t\t\t<div class=\"elementor-element elementor-element-50dbbf4 elementor-widget elementor-widget-html\" data-id=\"50dbbf4\" data-element_type=\"widget\" data-widget_type=\"html.default\">\n\t\t\t\t<div class=\"elementor-widget-container\">\n\t\t\t\t\t<style>\r\n  .exend_92abq {\r\n    display: flex;\r\n    align-items: center;\r\n    justify-content: space-between;\r\n    background: linear-gradient(180deg, #f3f3f3, #e6e6e6);\r\n    flex-wrap: wrap;\r\n    gap: 40px;\r\n    max-width: 1200px;\r\n    margin: 80px auto;\r\n    padding: 0 20px;\r\n    width: 100%;\r\n  }\r\n\r\n  .exend_left_d02nq {\r\n    flex: 1;\r\n  }\r\n\r\n  .exend_left_d02nq h2 {\r\n    font-size: 32px;\r\n    font-weight: 600;\r\n    color: #9c1c14;\r\n    margin-bottom: 20px;\r\n    opacity: 0;\r\n    transform: translateY(30px);\r\n    transition: all 0.6s ease;\r\n  }\r\n\r\n  .exend_left_d02nq.visible_h2_aaa h2 {\r\n    opacity: 1;\r\n    transform: translateY(0);\r\n  }\r\n\r\n  .exend_left_d02nq p {\r\n    font-size: 16px;\r\n    line-height: 1.6;\r\n    color: #333;\r\n  }\r\n\r\n  .exend_right_19xzk {\r\n    flex: 0 0 42%;\r\n    text-align: center;\r\n    position: relative;\r\n    margin-top: 90px;\r\n  }\r\n\r\n  .exend_right_19xzk img {\r\n    width: 100%;\r\n    border-radius: 10px;\r\n    object-fit: cover;\r\n    filter: brightness(0.85);\r\n    display: block;\r\n    position: relative;\r\n    z-index: 0;\r\n  }\r\n\r\n  .exend_right_19xzk::before {\r\n    content: \"\";\r\n    position: absolute;\r\n    inset: 0;\r\n    border-radius: 10px;\r\n    background-color: rgba(0, 0, 0, 0.25);\r\n    z-index: 1;\r\n    pointer-events: none;\r\n  }\r\n\r\n  @media (max-width: 768px) {\r\n    .exend_92abq {\r\n      flex-direction: column-reverse;\r\n      padding: 40px 20px;\r\n    }\r\n\r\n    .exend_left_d02nq {\r\n      text-align: left;\r\n    }\r\n\r\n    .exend_right_19xzk {\r\n      width: 100%;\r\n      margin-bottom: 30px;\r\n    }\r\n  }\r\n<\/style>\r\n\r\n<section class=\"exend_92abq\" id=\"exsol-final\">\r\n  <div class=\"exend_left_d02nq\" id=\"exsolFinalText\">\r\n    <h2>EXSOL \u0130LE ENERJ\u0130Y\u0130 GELECE\u011eE TA\u015eIYIN<\/h2>\r\n    <p>\r\n      Exsol Teknoloji, enerji depolama alan\u0131nda sundu\u011fu yenilik\u00e7i \u00e7\u00f6z\u00fcmlerle gelece\u011fin ihtiya\u00e7lar\u0131n\u0131 bug\u00fcnden kar\u015f\u0131lamay\u0131 hedefler.<br><br>\r\n      Geli\u015fmi\u015f m\u00fchendislik yakla\u015f\u0131m\u0131, s\u00fcrd\u00fcr\u00fclebilirlik vizyonu ve y\u00fcksek performansl\u0131 sistemleriyle; sanayiden altyap\u0131 projelerine kadar her \u00f6l\u00e7ekte g\u00fcvenilir enerji y\u00f6netimi sa\u011flar.<br><br>\r\n      Exsol ile enerjinizi verimli kullan\u0131n, gelece\u011fe g\u00fcvenle bak\u0131n.\r\n    <\/p>\r\n  <\/div>\r\n  <div class=\"exend_right_19xzk\">\r\n    <img decoding=\"async\" src=\"https:\/\/exsol.com.tr\/wp-content\/uploads\/2025\/07\/bess-exsol-1.jpg\" alt=\"Exsol Enerji Ekibi\">\r\n  <\/div>\r\n<\/section>\r\n\r\n<script>\r\n  document.addEventListener('DOMContentLoaded', function () {\r\n    const exsolFinal = document.getElementById('exsolFinalText');\r\n    const observer = new IntersectionObserver(entries => {\r\n      entries.forEach(entry => {\r\n        if (entry.isIntersecting) {\r\n          entry.target.classList.add('visible_h2_aaa');\r\n        }\r\n      });\r\n    }, { threshold: 0.5 });\r\n\r\n    observer.observe(exsolFinal);\r\n  });\r\n<\/script>\r\n\t\t\t\t<\/div>\n\t\t\t\t<\/div>\n\t\t\t\t\t<\/div>\n\t\t\t\t<\/div>\n\t\t\t\t<\/div>\n\t\t","protected":false},"excerpt":{"rendered":"<p>ENERJ\u0130 DEPOLAMA \u00c7\u00d6Z\u00dcMLER\u0130 Batarya Enerji Depolama Sistemi, enerjinin daha verimli, g\u00fcvenli ve s\u00fcrd\u00fcr\u00fclebilir bir \u015fekilde y\u00f6netilmesini sa\u011flayan sistemlerdir. Bu \u00e7\u00f6z\u00fcmler, elektrik \u015febekesinin dengelenmesinden, yenilenebilir enerji kaynaklar\u0131n\u0131n entegrasyonuna kadar bir\u00e7ok kritik s\u00fcre\u00e7te \u00f6nemli rol oynar. Enerji talebinin y\u00fcksek oldu\u011fu anlarda devreye girerek t\u00fcketimi optimize eden BESS sistemleri; ayn\u0131 zamanda \u00fcretim fazlas\u0131 enerjiyi depolayarak daha sonra kullan\u0131lmas\u0131na [&hellip;]<\/p>\n","protected":false},"author":1,"featured_media":0,"parent":0,"menu_order":0,"comment_status":"closed","ping_status":"closed","template":"","meta":{"inline_featured_image":false,"footnotes":""},"class_list":["post-123","page","type-page","status-publish","hentry"],"_links":{"self":[{"href":"https:\/\/exsol.com.tr\/tr\/wp-json\/wp\/v2\/pages\/123","targetHints":{"allow":["GET"]}}],"collection":[{"href":"https:\/\/exsol.com.tr\/tr\/wp-json\/wp\/v2\/pages"}],"about":[{"href":"https:\/\/exsol.com.tr\/tr\/wp-json\/wp\/v2\/types\/page"}],"author":[{"embeddable":true,"href":"https:\/\/exsol.com.tr\/tr\/wp-json\/wp\/v2\/users\/1"}],"replies":[{"embeddable":true,"href":"https:\/\/exsol.com.tr\/tr\/wp-json\/wp\/v2\/comments?post=123"}],"version-history":[{"count":190,"href":"https:\/\/exsol.com.tr\/tr\/wp-json\/wp\/v2\/pages\/123\/revisions"}],"predecessor-version":[{"id":5619,"href":"https:\/\/exsol.com.tr\/tr\/wp-json\/wp\/v2\/pages\/123\/revisions\/5619"}],"wp:attachment":[{"href":"https:\/\/exsol.com.tr\/tr\/wp-json\/wp\/v2\/media?parent=123"}],"curies":[{"name":"wp","href":"https:\/\/api.w.org\/{rel}","templated":true}]}}