{"id":782,"date":"2025-05-20T08:27:29","date_gmt":"2025-05-20T08:27:29","guid":{"rendered":"https:\/\/exsolteknoloji.com\/?page_id=782"},"modified":"2025-07-31T10:46:21","modified_gmt":"2025-07-31T10:46:21","slug":"staj-basvurusu","status":"publish","type":"page","link":"https:\/\/exsol.com.tr\/en\/staj-basvurusu\/","title":{"rendered":"Internship Application"},"content":{"rendered":"<div data-elementor-type=\"wp-page\" data-elementor-id=\"782\" class=\"elementor elementor-782\" data-elementor-post-type=\"page\">\n\t\t\t\t<div class=\"elementor-element elementor-element-f24bc2e e-flex e-con-boxed e-con e-parent\" data-id=\"f24bc2e\" data-element_type=\"container\">\n\t\t\t\t\t<div class=\"e-con-inner\">\n\t\t\t\t<div class=\"elementor-element elementor-element-65ebb60 elementor-widget elementor-widget-html\" data-id=\"65ebb60\" data-element_type=\"widget\" data-widget_type=\"html.default\">\n\t\t\t\t<div class=\"elementor-widget-container\">\n\t\t\t\t\t<!DOCTYPE html>\r\n<html lang=\"tr\">\r\n<head>\r\n  <meta charset=\"UTF-8\" \/>\r\n  <meta name=\"viewport\" content=\"width=device-width, initial-scale=1.0\"\/>\r\n  <title>Staj Ba\u015fvuru Formu<\/title>\r\n  <link href=\"https:\/\/fonts.googleapis.com\/css2?family=Montserrat:wght@400;600;700&display=swap\" rel=\"stylesheet\" \/>\r\n  <script src=\"https:\/\/cdn.tailwindcss.com\"><\/script>\r\n  <style>\r\n    body {\r\n      font-family: 'Montserrat', sans-serif;\r\n    }\r\n    .basvuru-input, .basvuru-textarea {\r\n      padding-top: 8px;\r\n      padding-bottom: 8px;\r\n      background-color: white;\r\n      color: #333;\r\n    }\r\n  <\/style>\r\n<\/head>\r\n<body class=\"bg-gray-100 text-gray-800\">\r\n\r\n  <div class=\"max-w-2xl mx-auto p-4 sm:p-6 lg:p-8 transition-all duration-300 ease-in-out\">\r\n    <form id=\"stajFormu\" enctype=\"multipart\/form-data\" class=\"bg-white border border-gray-200 shadow-lg rounded-lg p-4 sm:p-8 space-y-6 transition-all duration-300 ease-in-out\" action=\"\">\r\n\r\n      <!-- Ba\u015fl\u0131k -->\r\n      <h1 class=\"text-4xl font-bold text-center mb-4\">INTERNSHIP APPLICATION FORM<\/h1>\r\n\r\n      <!-- Gizli input ile form tipini belirtiyoruz -->\r\n      <input type=\"hidden\" name=\"form_tipi\" value=\"Staj Ba\u015fvurusu\" \/>\r\n\r\n      <div>\r\n        <label class=\"block font-bold mb-1 basvuru-label\">Full Name<\/label>\r\n        <input type=\"text\" name=\"adsoyad\" required class=\"w-full border border-gray-200 rounded-md px-4 py-2 basvuru-input transition-all duration-300 ease-in-out focus:ring-2 focus:ring-[#9c1c14]\" \/>\r\n      <\/div>\r\n\r\n      <div>\r\n        <label class=\"block font-bold mb-1 basvuru-label\">E-mail<\/label>\r\n        <input type=\"email\" name=\"email\" required class=\"w-full border border-gray-200 rounded-md px-4 py-2 basvuru-input transition-all duration-300 ease-in-out focus:ring-2 focus:ring-[#9c1c14]\" \/>\r\n      <\/div>\r\n\r\n      <div>\r\n        <label class=\"block font-bold mb-1 basvuru-label\">Phone Number<\/label>\r\n        <input type=\"tel\" name=\"telefon\" required class=\"w-full border border-gray-200 rounded-md px-4 py-2 basvuru-input transition-all duration-300 ease-in-out focus:ring-2 focus:ring-[#9c1c14]\" \/>\r\n      <\/div>\r\n\r\n      <div>\r\n        <label class=\"block font-bold mb-1 basvuru-label\">Position Applied For<\/label>\r\n        <input type=\"text\" name=\"pozisyon\" placeholder=\"e.g., Electrical Engineering Intern\" class=\"w-full border border-gray-200 rounded-md px-4 py-2 basvuru-input transition-all duration-300 ease-in-out focus:ring-2 focus:ring-[#9c1c14]\" \/>\r\n      <\/div>\r\n\r\n      <div>\r\n        <label class=\"block font-bold mb-1 basvuru-label\">Introduce Yourself<\/label>\r\n        <textarea name=\"kendini_tanit\" rows=\"4\" class=\"w-full border border-gray-200 rounded-md px-4 py-2 basvuru-textarea transition-all duration-300 ease-in-out focus:ring-2 focus:ring-[#9c1c14]\"><\/textarea>\r\n      <\/div>\r\n\r\n      <div>\r\n        <label class=\"block font-bold mb-1 basvuru-label\">Upload CV<\/label>\r\n        <input type=\"file\" name=\"cv\" accept=\".pdf,.doc,.docx\" class=\"w-full border border-gray-200 rounded-md px-2 py-2 bg-white basvuru-input transition-all duration-300 ease-in-out\" \/>\r\n      <\/div>\r\n\r\n      <div class=\"text-center\">\r\n        <button\r\n  class=\"bg-[#9c1c14] hover:bg-[#7a150f] text-white px-6 py-2 rounded-md transition-all duration-300 ease-in-out font-bold basvuru-button\">\r\n  Submit Application\r\n<\/button>\r\n\r\n      <\/div>\r\n    <input type=\"hidden\" name=\"trp-form-language\" value=\"en\"\/><\/form>\r\n  <\/div>\r\n\r\n  <!-- Baloncuk -->\r\n  <div id=\"baloncuk\" class=\"fixed bottom-4 right-4 px-4 py-2 rounded shadow-lg hidden z-50 text-white text-sm basvuru-baloncuk transition-all duration-300 ease-in-out\"><\/div>\r\n\r\n  <script>\r\n    const stajForm = document.getElementById('stajFormu');\r\n    const baloncuk = document.getElementById('baloncuk');\r\n\r\n    stajForm.addEventListener('submit', function (e) {\r\n      e.preventDefault();\r\n      const formData = new FormData(stajForm);\r\n\r\n      \/\/ Mutlaka k\u00f6kten \u00e7a\u011f\u0131r\u0131yoruz\r\n      fetch('\/form-gonder.php', {\r\n        method: 'POST',\r\n        body: formData\r\n      })\r\n      .then(response => response.text())\r\n      .then(data => {\r\n        if (data.includes('Ba\u015fvurun ba\u015far\u0131yla g\u00f6nderildi')) {\r\n          stajForm.reset();\r\n          baloncuk.textContent = data;\r\n          baloncuk.classList.remove('hidden','bg-red-600');\r\n          baloncuk.classList.add('bg-green-600');\r\n        } else {\r\n          baloncuk.textContent = data;\r\n          baloncuk.classList.remove('hidden','bg-green-600');\r\n          baloncuk.classList.add('bg-red-600');\r\n        }\r\n        setTimeout(() => baloncuk.classList.add('hidden'), 2000);\r\n      })\r\n      .catch(() => {\r\n        baloncuk.textContent = 'G\u00f6nderimde beklenmeyen hata oldu';\r\n        baloncuk.classList.remove('hidden','bg-green-600');\r\n        baloncuk.classList.add('bg-red-600');\r\n        setTimeout(() => baloncuk.classList.add('hidden'), 2000);\r\n      });\r\n    });\r\n  <\/script>\r\n\r\n<\/body>\r\n<\/html>\r\n\t\t\t\t<\/div>\n\t\t\t\t<\/div>\n\t\t\t\t\t<\/div>\n\t\t\t\t<\/div>\n\t\t\t\t<\/div>","protected":false},"excerpt":{"rendered":"<p>Staj Ba\u015fvuru Formu STAJ BA\u015eVURU FORMU Ad Soyad E-posta Telefon Ba\u015fvurulan Pozisyon Kendinizi Tan\u0131t\u0131n CV Y\u00fckle Ba\u015fvuruyu G\u00f6nder<\/p>","protected":false},"author":1,"featured_media":0,"parent":0,"menu_order":0,"comment_status":"closed","ping_status":"closed","template":"","meta":{"inline_featured_image":false,"footnotes":""},"class_list":["post-782","page","type-page","status-publish","hentry"],"_links":{"self":[{"href":"https:\/\/exsol.com.tr\/en\/wp-json\/wp\/v2\/pages\/782","targetHints":{"allow":["GET"]}}],"collection":[{"href":"https:\/\/exsol.com.tr\/en\/wp-json\/wp\/v2\/pages"}],"about":[{"href":"https:\/\/exsol.com.tr\/en\/wp-json\/wp\/v2\/types\/page"}],"author":[{"embeddable":true,"href":"https:\/\/exsol.com.tr\/en\/wp-json\/wp\/v2\/users\/1"}],"replies":[{"embeddable":true,"href":"https:\/\/exsol.com.tr\/en\/wp-json\/wp\/v2\/comments?post=782"}],"version-history":[{"count":0,"href":"https:\/\/exsol.com.tr\/en\/wp-json\/wp\/v2\/pages\/782\/revisions"}],"wp:attachment":[{"href":"https:\/\/exsol.com.tr\/en\/wp-json\/wp\/v2\/media?parent=782"}],"curies":[{"name":"wp","href":"https:\/\/api.w.org\/{rel}","templated":true}]}}