{"id":5624,"date":"2025-08-05T11:26:03","date_gmt":"2025-08-05T11:26:03","guid":{"rendered":"https:\/\/exsol.com.tr\/?page_id=5624"},"modified":"2025-08-06T06:18:04","modified_gmt":"2025-08-06T06:18:04","slug":"devam-eden-projeler","status":"publish","type":"page","link":"https:\/\/exsol.com.tr\/en\/devam-eden-projeler\/","title":{"rendered":"Ongoing Projects"},"content":{"rendered":"<div data-elementor-type=\"wp-page\" data-elementor-id=\"5624\" class=\"elementor elementor-5624\" data-elementor-post-type=\"page\">\n\t\t\t\t<div class=\"elementor-element elementor-element-ba01ad2 e-flex e-con-boxed e-con e-parent\" data-id=\"ba01ad2\" data-element_type=\"container\">\n\t\t\t\t\t<div class=\"e-con-inner\">\n\t\t\t\t<div class=\"elementor-element elementor-element-57e863e elementor-widget elementor-widget-html\" data-id=\"57e863e\" data-element_type=\"widget\" data-widget_type=\"html.default\">\n\t\t\t\t<div class=\"elementor-widget-container\">\n\t\t\t\t\t<!DOCTYPE html>\r\n<html lang=\"tr\">\r\n<head>\r\n  <meta charset=\"UTF-8\">\r\n  <title>Hatay Havaalan\u0131 Projesi<\/title>\r\n  <meta name=\"viewport\" content=\"width=device-width, initial-scale=1.0\" \/>\r\n  <style>\r\n    @import url('https:\/\/fonts.googleapis.com\/css2?family=Montserrat:wght@400;600&display=swap');\r\n\r\n    body {\r\n      font-family: 'Montserrat', sans-serif;\r\n      margin: 0;\r\n      padding: 0;\r\n      background-color: #ffffff;\r\n      color: #333;\r\n    }\r\n\r\n    .bx7kq9-section {\r\n      max-width: 1200px;\r\n      margin: 80px auto;\r\n      padding: 60px 20px;\r\n      background: linear-gradient(to right, #f2f2f2, #e0e0e0);\r\n      border-radius: 16px;\r\n      box-shadow: 0 0 20px rgba(0, 0, 0, 0.1);\r\n    }\r\n\r\n    .p1xv-title {\r\n      font-size: 32px;\r\n      color: #9c1c14;\r\n      font-weight: 600;\r\n      margin-bottom: 30px;\r\n      opacity: 0;\r\n      transform: translateY(50px);\r\n      transition: all 0.8s ease-out;\r\n      text-align: center;\r\n    }\r\n\r\n    .p1xv-title.show {\r\n      opacity: 1;\r\n      transform: translateY(0);\r\n    }\r\n\r\n    .c8rm-content {\r\n      font-size: 18px;\r\n      line-height: 1.7;\r\n      text-align: justify;\r\n      margin-bottom: 30px;\r\n    }\r\n\r\n    .imgf7-wrapper {\r\n      position: relative;\r\n      text-align: center;\r\n      margin-bottom: 20px;\r\n    }\r\n\r\n    .imgf7-wrapper img {\r\n      width: 100%;\r\n      max-width: 100%;\r\n      height: auto;\r\n      border-radius: 12px;\r\n      box-shadow: 0 4px 12px rgba(0, 0, 0, 0.1);\r\n      display: block;\r\n    }\r\n\r\n    .imgf7-overlay {\r\n      position: absolute;\r\n      top: 0;\r\n      left: 0;\r\n      width: 100%;\r\n      height: 100%;\r\n      border-radius: 12px;\r\n      background: rgba(0, 0, 0, 0.25);\r\n      pointer-events: none;\r\n    }\r\n\r\n    @media (max-width: 1024px) {\r\n      .bx7kq9-section {\r\n        padding: 30px 30px;\r\n      }\r\n\r\n      .p1xv-title {\r\n        font-size: 28px;\r\n      }\r\n\r\n      .c8rm-content {\r\n        font-size: 16px;\r\n      }\r\n    }\r\n\r\n    @media (max-width: 600px) {\r\n      .bx7kq9-section {\r\n        padding: 20px 15px;\r\n        margin: 40px auto;\r\n      }\r\n\r\n      .p1xv-title {\r\n        font-size: 24px;\r\n      }\r\n\r\n      .c8rm-content {\r\n        font-size: 15px;\r\n      }\r\n    }\r\n  <\/style>\r\n<\/head>\r\n<body>\r\n  <div class=\"bx7kq9-section\">\r\n    <h2 class=\"p1xv-title\">HATAY AIRPORT PROJECT<\/h2>\r\n\r\n    <div class=\"imgf7-wrapper\">\r\n      <img decoding=\"async\" src=\"https:\/\/exsol.com.tr\/wp-content\/uploads\/2025\/08\/web.png\" alt=\"Hatay Havaalan\u0131 G\u00f6rseli\">\r\n      <div class=\"imgf7-overlay\"><\/div>\r\n    <\/div>\r\n\r\n    <div class=\"c8rm-content\">\r\n      <p>Within the scope of the Hatay Airport project, SCADA &amp; Automation works, MV infrastructure, and PCS systems are being integrated by our company, Exsol Teknoloji.<\/p>\r\n\r\n      <p>All data communication infrastructure, power systems, control panels, and automation software involved in the project\u2014from field applications to central management interfaces\u2014are designed and implemented by Exsol\u2019s expert engineering teams.<\/p>\r\n\r\n      <p>Thanks to SCADA-based monitoring and control systems, runway lighting, power lines, generator systems, and perimeter security infrastructures can be monitored and managed centrally in real time.<\/p>\r\n\r\n      <p>The installation, distribution, and integration of medium voltage energy systems have also been carried out by us within the project scope, ensuring the airport\u2019s sustainable and uninterrupted energy needs are fully met.<\/p>\r\n\r\n      <p>Thanks to this comprehensive approach, a modern and highly efficient structure has been established that meets not only today\u2019s but also future airport technology requirements.<\/p>\r\n    <\/div>\r\n  <\/div>\r\n\r\n  <script>\r\n    document.addEventListener('DOMContentLoaded', function () {\r\n      const title = document.querySelector('.p1xv-title');\r\n\r\n      function checkScroll() {\r\n        const triggerBottom = window.innerHeight * 0.85;\r\n        const titleTop = title.getBoundingClientRect().top;\r\n\r\n        if (titleTop < triggerBottom) {\r\n          title.classList.add('show');\r\n        }\r\n      }\r\n\r\n      window.addEventListener('scroll', checkScroll);\r\n      checkScroll();\r\n    });\r\n  <\/script>\r\n<\/body>\r\n<\/html>\r\n\t\t\t\t<\/div>\n\t\t\t\t<\/div>\n\t\t\t\t\t<\/div>\n\t\t\t\t<\/div>\n\t\t\t\t<\/div>","protected":false},"excerpt":{"rendered":"<p>Hatay Havaalan\u0131 Projesi HATAY HAVAALANI PROJES\u0130 Hatay Havaalan\u0131 projesi kapsam\u0131nda; SCADA &#038; Otomasyon i\u015fleri, OG altyap\u0131 ve PCS sistemleri firmam\u0131z Exsol Teknoloji taraf\u0131ndan entegre bir \u015fekilde yap\u0131lmaktad\u0131r. Projede yer alan t\u00fcm veri haberle\u015fme altyap\u0131s\u0131, g\u00fc\u00e7 sistemleri, kontrol panolar\u0131 ve otomasyon yaz\u0131l\u0131mlar\u0131, sahadaki uygulamalardan merkezdeki y\u00f6netim aray\u00fczlerine kadar Exsol\u2019un uzman m\u00fchendislik ekipleri taraf\u0131ndan tasarlanm\u0131\u015f ve uygulanmaktad\u0131r. [&hellip;]<\/p>","protected":false},"author":1,"featured_media":0,"parent":0,"menu_order":0,"comment_status":"closed","ping_status":"closed","template":"","meta":{"inline_featured_image":false,"footnotes":""},"class_list":["post-5624","page","type-page","status-publish","hentry"],"_links":{"self":[{"href":"https:\/\/exsol.com.tr\/en\/wp-json\/wp\/v2\/pages\/5624","targetHints":{"allow":["GET"]}}],"collection":[{"href":"https:\/\/exsol.com.tr\/en\/wp-json\/wp\/v2\/pages"}],"about":[{"href":"https:\/\/exsol.com.tr\/en\/wp-json\/wp\/v2\/types\/page"}],"author":[{"embeddable":true,"href":"https:\/\/exsol.com.tr\/en\/wp-json\/wp\/v2\/users\/1"}],"replies":[{"embeddable":true,"href":"https:\/\/exsol.com.tr\/en\/wp-json\/wp\/v2\/comments?post=5624"}],"version-history":[{"count":0,"href":"https:\/\/exsol.com.tr\/en\/wp-json\/wp\/v2\/pages\/5624\/revisions"}],"wp:attachment":[{"href":"https:\/\/exsol.com.tr\/en\/wp-json\/wp\/v2\/media?parent=5624"}],"curies":[{"name":"wp","href":"https:\/\/api.w.org\/{rel}","templated":true}]}}