{"id":4360,"date":"2025-07-24T07:23:40","date_gmt":"2025-07-24T07:23:40","guid":{"rendered":"https:\/\/exsolteknoloji.com\/?page_id=4360"},"modified":"2025-07-31T08:13:41","modified_gmt":"2025-07-31T08:13:41","slug":"zayif-akim-sistemleri","status":"publish","type":"page","link":"https:\/\/exsol.com.tr\/en\/zayif-akim-sistemleri\/","title":{"rendered":"Low Current Systems"},"content":{"rendered":"<div data-elementor-type=\"wp-page\" data-elementor-id=\"4360\" class=\"elementor elementor-4360\" data-elementor-post-type=\"page\">\n\t\t\t\t<div class=\"elementor-element elementor-element-6c4226a e-flex e-con-boxed e-con e-parent\" data-id=\"6c4226a\" data-element_type=\"container\">\n\t\t\t\t\t<div class=\"e-con-inner\">\n\t\t\t\t<div class=\"elementor-element elementor-element-3421b23 elementor-widget elementor-widget-html\" data-id=\"3421b23\" data-element_type=\"widget\" data-widget_type=\"html.default\">\n\t\t\t\t<div class=\"elementor-widget-container\">\n\t\t\t\t\t<!-- Font -->\r\n<link href=\"https:\/\/fonts.googleapis.com\/css2?family=Montserrat:wght@400;600&display=swap\" rel=\"stylesheet\">\r\n\r\n<!-- Zay\u0131f Ak\u0131m Sistemleri -->\r\n<section class=\"weakCurrentWrap_yz91d\" id=\"weak-current\">\r\n  <div class=\"weakCurrentContent_yz91d\">\r\n    <h2 class=\"weakTitle_yz91d\">WHAT ARE LOW CURRENT SYSTEMS?<\/h2>\r\n    <p>Low current systems are typically systems that operate at low voltage and perform functions such as communication, security, control, and automation.\nAlthough these systems do not carry high voltage, they play a crucial role in the safety, efficiency, and sustainability of facilities.<\/p>\r\n    <ul class=\"weakList_yz91d\">\r\n      <li><span>\ud83d\udd12<\/span> Fire Detection and Alarm Systems<\/li>\r\n      <li><span>\ud83c\udfa5<\/span> CCTV Camera Systems<\/li>\r\n      <li><span>\ud83d\udedc<\/span> Data &amp; Network Infrastructure<\/li>\r\n      <li><span>\ud83d\udd14<\/span> Voice Paging and Emergency Announcement Systems<\/li>\r\n      <li><span>\ud83d\udcde<\/span> Telephone and IP PBX Systems<\/li>\r\n      <li><span>\ud83e\udde0<\/span> Building Automation Systems (BAS)<\/li>\r\n      <li><span>\ud83c\udfab<\/span> Card Access and Turnstile Systems<\/li>\r\n    <\/ul>\r\n    <p>In modern building projects, energy facilities, and industrial areas, low current systems both ensure user safety and form the backbone of technological infrastructure.<\/p>\r\n  <\/div>\r\n  <div class=\"weakCurrentImage_yz91d\">\r\n    <div class=\"weakImageOverlay_yz91d\"><\/div>\r\n    <img decoding=\"async\" src=\"https:\/\/exsol.com.tr\/wp-content\/uploads\/2025\/07\/30395075-1.jpg\" alt=\"Zay\u0131f Ak\u0131m Sistemleri\">\r\n  <\/div>\r\n<\/section>\r\n\r\n<!-- CSS -->\r\n<style>\r\n  .weakCurrentWrap_yz91d {\r\n    display: flex;\r\n    flex-wrap: wrap;\r\n    align-items: center;\r\n    justify-content: space-between;\r\n    max-width: 1200px;\r\n    margin: 80px auto;\r\n    padding: 0 20px;\r\n    font-family: 'Montserrat', sans-serif;\r\n  }\r\n\r\n  .weakCurrentContent_yz91d {\r\n    flex: 1 1 55%;\r\n    padding-right: 30px;\r\n  }\r\n\r\n  .weakCurrentContent_yz91d h2 {\r\n    font-size: 36px;\r\n    font-weight: 600;\r\n    color: #9c1c14;\r\n    margin-bottom: 20px;\r\n    opacity: 0;\r\n    transform: translateY(30px);\r\n    transition: all 0.6s ease-out;\r\n  }\r\n\r\n  .weakCurrentContent_yz91d h2.visible {\r\n    opacity: 1;\r\n    transform: translateY(0);\r\n  }\r\n\r\n  .weakCurrentContent_yz91d p {\r\n    font-size: 16px;\r\n    color: #333;\r\n    line-height: 1.6;\r\n    margin-bottom: 16px;\r\n  }\r\n\r\n  .weakList_yz91d {\r\n    list-style: none;\r\n    padding-left: 0;\r\n    margin-bottom: 16px;\r\n  }\r\n\r\n  .weakList_yz91d li {\r\n    font-size: 16px;\r\n    color: #333;\r\n    margin-bottom: 8px;\r\n    display: flex;\r\n    align-items: center;\r\n  }\r\n\r\n  .weakList_yz91d li span {\r\n    margin-right: 10px;\r\n    font-size: 18px;\r\n  }\r\n\r\n  .weakCurrentImage_yz91d {\r\n    position: relative;\r\n    flex: 1 1 40%;\r\n    text-align: center;\r\n  }\r\n\r\n  .weakCurrentImage_yz91d img {\r\n    width: 100%;\r\n    max-width: 500px;\r\n    border-radius: 10px;\r\n    object-fit: cover;\r\n    display: block;\r\n    position: relative;\r\n    z-index: 2;\r\n  }\r\n\r\n  .weakImageOverlay_yz91d {\r\n    position: absolute;\r\n    top: 0;\r\n    left: 50%;\r\n    transform: translateX(-50%);\r\n    width: 100%;\r\n    height: 100%;\r\n    max-width: 500px;\r\n    border-radius: 10px;\r\n    background: rgba(0, 0, 0, 0.35);\r\n    z-index: 1;\r\n    pointer-events: none;\r\n  }\r\n\r\n  @media (max-width: 768px) {\r\n    .weakCurrentWrap_yz91d {\r\n      flex-direction: column;\r\n    }\r\n\r\n    .weakCurrentContent_yz91d {\r\n      padding-right: 0;\r\n    }\r\n\r\n    .weakCurrentImage_yz91d {\r\n      margin-top: 30px;\r\n    }\r\n  }\r\n<\/style>\r\n\r\n<!-- Scroll Ba\u015fl\u0131k JS -->\r\n<script>\r\n  document.addEventListener('DOMContentLoaded', function () {\r\n    const weakTitle = document.querySelector('.weakCurrentContent_yz91d h2');\r\n    const observer = new IntersectionObserver(entries => {\r\n      entries.forEach(entry => {\r\n        if (entry.isIntersecting) {\r\n          entry.target.classList.add('visible');\r\n        }\r\n      });\r\n    }, { threshold: 0.5 });\r\n\r\n    if (weakTitle) observer.observe(weakTitle);\r\n  });\r\n<\/script>\r\n\t\t\t\t<\/div>\n\t\t\t\t<\/div>\n\t\t\t\t\t<\/div>\n\t\t\t\t<\/div>\n\t\t<div class=\"elementor-element elementor-element-98cc55f e-flex e-con-boxed e-con e-parent\" data-id=\"98cc55f\" data-element_type=\"container\">\n\t\t\t\t\t<div class=\"e-con-inner\">\n\t\t\t\t<div class=\"elementor-element elementor-element-fa2fabb elementor-widget elementor-widget-html\" data-id=\"fa2fabb\" data-element_type=\"widget\" data-widget_type=\"html.default\">\n\t\t\t\t<div class=\"elementor-widget-container\">\n\t\t\t\t\t<style>\r\n  .tamGenislikBanner_h2v7kr {\r\n    position: relative;\r\n    height: 500px;\r\n    background-image: url('https:\/\/exsol.com.tr\/wp-content\/uploads\/2025\/07\/2148139306-1.jpg');\r\n    background-attachment: fixed;\r\n    background-size: cover;\r\n    background-position: center;\r\n    width: 100vw;\r\n    margin-left: calc(-50vw + 50%);\r\n    overflow: hidden;\r\n  }\r\n\r\n  .tamGenislikBanner_h2v7kr::before {\r\n    content: \"\";\r\n    position: absolute;\r\n    inset: 0;\r\n    background-color: rgba(0, 0, 0, 0.4); \/* Karartma efekti *\/\r\n    z-index: 1;\r\n  }\r\n\r\n  @media (max-width: 768px) {\r\n    .tamGenislikBanner_h2v7kr {\r\n      height: 300px;\r\n      background-attachment: scroll !important;\r\n      margin-left: 0;\r\n      width: 100%;\r\n    }\r\n  }\r\n<\/style>\r\n\r\n<section class=\"tamGenislikBanner_h2v7kr\">\r\n  <!-- Sadece g\u00f6rsel, yaz\u0131 yok -->\r\n<\/section>\r\n\t\t\t\t<\/div>\n\t\t\t\t<\/div>\n\t\t\t\t\t<\/div>\n\t\t\t\t<\/div>\n\t\t<div class=\"elementor-element elementor-element-96df8ad e-flex e-con-boxed e-con e-parent\" data-id=\"96df8ad\" data-element_type=\"container\">\n\t\t\t\t\t<div class=\"e-con-inner\">\n\t\t\t\t<div class=\"elementor-element elementor-element-1ec4786 elementor-widget elementor-widget-html\" data-id=\"1ec4786\" data-element_type=\"widget\" data-widget_type=\"html.default\">\n\t\t\t\t<div class=\"elementor-widget-container\">\n\t\t\t\t\t<!-- Font -->\r\n<link href=\"https:\/\/fonts.googleapis.com\/css2?family=Montserrat:wght@400;600&display=swap\" rel=\"stylesheet\">\r\n\r\n<!-- Exsol Zay\u0131f Ak\u0131m Destek -->\r\n<section class=\"exsolWeakWrap_o9vmb\" id=\"exsol-weak-support\">\r\n  <div class=\"exsolWeakImage_o9vmb\">\r\n    <img decoding=\"async\" src=\"https:\/\/exsol.com.tr\/wp-content\/uploads\/2025\/07\/2148139347-1.jpg\" alt=\"Exsol Zay\u0131f Ak\u0131m Sistemleri\">\r\n  <\/div>\r\n  <div class=\"exsolWeakContent_o9vmb\">\r\n    <h2 class=\"exsolWeakTitle_o9vmb\">SECURE &amp; SMART LOW CURRENT SYSTEMS WITH EXSOL TEKNOLOJ\u0130<\/h2>\r\n    <p>\r\n      With its expertise in energy and technology, Exsol Teknoloji is a reliable solution partner in the design, implementation, and commissioning processes of low current systems.\r\n    <\/p>\r\n    <div class=\"exsolGrid_o9vmb\">\r\n      <div class=\"exsolBox_o9vmb\">\ud83d\udd27 Custom System Design<\/div>\r\n      <div class=\"exsolBox_o9vmb\">\ud83e\udde0 Integrated &amp; Scalable Infrastructures<\/div>\r\n      <div class=\"exsolBox_o9vmb\">\ud83d\udd10 High Security &amp; Control Capability<\/div>\r\n      <div class=\"exsolBox_o9vmb\">\ud83d\udd04 Compatibility with Automation Systems<\/div>\r\n      <div class=\"exsolBox_o9vmb\">\ud83d\udcc8 Continuous Monitoring &amp; Management<\/div>\r\n      <div class=\"exsolBox_o9vmb\">\ud83c\udfe2 Industry, Building, Campus Solutions<\/div>\r\n    <\/div>\r\n    <p>\r\n      With sustainable, efficient, and integrated solutions for modern projects, Exsol Teknoloji is by your side at every step.\r\n    <\/p>\r\n  <\/div>\r\n<\/section>\r\n\r\n<!-- CSS -->\r\n<style>\r\n  .exsolWeakWrap_o9vmb {\r\n    display: flex;\r\n    flex-wrap: wrap;\r\n    align-items: center;\r\n    justify-content: space-between;\r\n    max-width: 1200px;\r\n    margin: 80px auto;\r\n    padding: 0 20px;\r\n    font-family: 'Montserrat', sans-serif;\r\n  }\r\n\r\n  .exsolWeakImage_o9vmb {\r\n    flex: 1 1 40%;\r\n    text-align: center;\r\n  }\r\n\r\n  .exsolWeakImage_o9vmb img {\r\n    width: 100%;\r\n    max-width: 480px;\r\n    border-radius: 10px;\r\n    object-fit: cover;\r\n    filter: brightness(0.85);\r\n  }\r\n\r\n  .exsolWeakContent_o9vmb {\r\n    flex: 1 1 55%;\r\n    padding-left: 30px;\r\n  }\r\n\r\n  .exsolWeakTitle_o9vmb {\r\n    font-size: 28px;\r\n    font-weight: 600;\r\n    color: #9c1c14;\r\n    margin-bottom: 20px;\r\n    opacity: 0;\r\n    transform: translateY(30px);\r\n    transition: all 0.6s ease-out;\r\n  }\r\n\r\n  .exsolWeakTitle_o9vmb.visible {\r\n    opacity: 1;\r\n    transform: translateY(0);\r\n  }\r\n\r\n  .exsolWeakContent_o9vmb p {\r\n    font-size: 16px;\r\n    color: #333;\r\n    line-height: 1.6;\r\n    margin-bottom: 16px;\r\n  }\r\n\r\n  .exsolGrid_o9vmb {\r\n    display: grid;\r\n    grid-template-columns: repeat(auto-fit, minmax(220px, 1fr));\r\n    gap: 12px;\r\n    margin: 20px 0;\r\n  }\r\n\r\n  .exsolBox_o9vmb {\r\n    background: linear-gradient(135deg, #f3f3f3, #e6e6e6);\r\n    padding: 14px 16px;\r\n    border-radius: 8px;\r\n    font-size: 15px;\r\n    color: #222;\r\n    box-shadow: 0 2px 6px rgba(0,0,0,0.1);\r\n    transition: all 0.3s ease;\r\n  }\r\n\r\n  .exsolBox_o9vmb:hover {\r\n    background: #f9f9f9;\r\n    transform: translateY(-2px);\r\n  }\r\n\r\n  @media (max-width: 768px) {\r\n    .exsolWeakWrap_o9vmb {\r\n      flex-direction: column-reverse;\r\n    }\r\n\r\n    .exsolWeakContent_o9vmb {\r\n      padding-left: 0;\r\n    }\r\n\r\n    .exsolWeakImage_o9vmb {\r\n      margin-bottom: 30px;\r\n    }\r\n  }\r\n<\/style>\r\n\r\n<!-- Scroll Anim -->\r\n<script>\r\n  document.addEventListener('DOMContentLoaded', function () {\r\n    const exsolTitle = document.querySelector('.exsolWeakTitle_o9vmb');\r\n    const observer = new IntersectionObserver(entries => {\r\n      entries.forEach(entry => {\r\n        if (entry.isIntersecting) {\r\n          entry.target.classList.add('visible');\r\n        }\r\n      });\r\n    }, { threshold: 0.5 });\r\n\r\n    if (exsolTitle) observer.observe(exsolTitle);\r\n  });\r\n<\/script>\r\n\t\t\t\t<\/div>\n\t\t\t\t<\/div>\n\t\t\t\t\t<\/div>\n\t\t\t\t<\/div>\n\t\t\t\t<\/div>","protected":false},"excerpt":{"rendered":"<p>ZAYIF AKIM S\u0130STEMLER\u0130 NED\u0130R? Zay\u0131f ak\u0131m sistemleri; genellikle d\u00fc\u015f\u00fck gerilimle \u00e7al\u0131\u015fan, ileti\u015fim, g\u00fcvenlik, kontrol ve otomasyon gibi i\u015flevleri yerine getiren sistemlerdir. Bu sistemler; y\u00fcksek voltaj ta\u015f\u0131mazlar ama tesislerin g\u00fcvenli\u011fi, verimlili\u011fi ve s\u00fcrd\u00fcr\u00fclebilirli\u011fi a\u00e7\u0131s\u0131ndan olduk\u00e7a kritik bir rol oynarlar. \ud83d\udd12 Yang\u0131n Alg\u0131lama ve Alarm Sistemleri \ud83c\udfa5 CCTV Kamera Sistemleri \ud83d\udedc Data &#038; Network Altyap\u0131s\u0131 \ud83d\udd14 Seslendirme [&hellip;]<\/p>","protected":false},"author":1,"featured_media":0,"parent":0,"menu_order":0,"comment_status":"closed","ping_status":"closed","template":"","meta":{"inline_featured_image":false,"footnotes":""},"class_list":["post-4360","page","type-page","status-publish","hentry"],"_links":{"self":[{"href":"https:\/\/exsol.com.tr\/en\/wp-json\/wp\/v2\/pages\/4360","targetHints":{"allow":["GET"]}}],"collection":[{"href":"https:\/\/exsol.com.tr\/en\/wp-json\/wp\/v2\/pages"}],"about":[{"href":"https:\/\/exsol.com.tr\/en\/wp-json\/wp\/v2\/types\/page"}],"author":[{"embeddable":true,"href":"https:\/\/exsol.com.tr\/en\/wp-json\/wp\/v2\/users\/1"}],"replies":[{"embeddable":true,"href":"https:\/\/exsol.com.tr\/en\/wp-json\/wp\/v2\/comments?post=4360"}],"version-history":[{"count":0,"href":"https:\/\/exsol.com.tr\/en\/wp-json\/wp\/v2\/pages\/4360\/revisions"}],"wp:attachment":[{"href":"https:\/\/exsol.com.tr\/en\/wp-json\/wp\/v2\/media?parent=4360"}],"curies":[{"name":"wp","href":"https:\/\/api.w.org\/{rel}","templated":true}]}}