{"id":127,"date":"2025-05-03T18:18:11","date_gmt":"2025-05-03T18:18:11","guid":{"rendered":"https:\/\/exsolteknoloji.com\/?page_id=127"},"modified":"2025-07-31T10:46:35","modified_gmt":"2025-07-31T10:46:35","slug":"surdurulebilirlik","status":"publish","type":"page","link":"https:\/\/exsol.com.tr\/en\/surdurulebilirlik\/","title":{"rendered":"Sustainability"},"content":{"rendered":"<div data-elementor-type=\"wp-page\" data-elementor-id=\"127\" class=\"elementor elementor-127\" data-elementor-post-type=\"page\">\n\t\t\t\t<div class=\"elementor-element elementor-element-de8a634 e-con-full e-flex e-con e-parent\" data-id=\"de8a634\" data-element_type=\"container\">\n\t\t\t\t<div class=\"elementor-element elementor-element-10f3dbc elementor-widget__width-inherit elementor-widget elementor-widget-html\" data-id=\"10f3dbc\" data-element_type=\"widget\" data-widget_type=\"html.default\">\n\t\t\t\t<div class=\"elementor-widget-container\">\n\t\t\t\t\t<link href=\"https:\/\/fonts.googleapis.com\/css2?family=Montserrat:wght@400;700&display=swap\" rel=\"stylesheet\">\r\n\r\n<style>\r\n  html, body {\r\n    margin: 0 !important;\r\n    padding: 0 !important;\r\n  }\r\n\r\n  .surdur-banner {\r\n    position: relative;\r\n    width: 100%;\r\n    height: 600px;\r\n    overflow: hidden;\r\n    font-family: 'Montserrat', sans-serif;\r\n    margin-top: -100px; \/* header y\u00fcksekli\u011fi kadar *\/\r\n  }\r\n\r\n  .surdur-banner img {\r\n    position: absolute;\r\n    top: 0;\r\n    left: 0;\r\n    width: 100%;\r\n    height: 100%;\r\n    object-fit: cover;\r\n    z-index: 1;\r\n  }\r\n\r\n  .surdur-banner::after {\r\n    content: \"\";\r\n    position: absolute;\r\n    top: 0;\r\n    left: 0;\r\n    width: 100%;\r\n    height: 100%;\r\n    background: rgba(0, 0, 0, 0.6);\r\n    z-index: 2;\r\n  }\r\n\r\n  .surdur-banner .yazi {\r\n    position: relative;\r\n    z-index: 3;\r\n    color: white;\r\n    padding-left: 400px;\r\n    padding-top: 320px;\r\n    text-align: left;\r\n  }\r\n\r\n  .surdur-banner .yazi h1 {\r\n    font-size: 64px;\r\n    font-weight: 700;\r\n    margin: 0;\r\n  }\r\n\r\n  \/* Tablet *\/\r\n  @media (max-width: 1024px) {\r\n    .surdur-banner {\r\n      height: 500px;\r\n      margin-top: -90px;\r\n    }\r\n\r\n    .surdur-banner .yazi {\r\n      padding-left: 40px;\r\n      padding-top: 220px;\r\n    }\r\n\r\n    .surdur-banner .yazi h1 {\r\n      font-size: 48px;\r\n    }\r\n  }\r\n\r\n  \/* Telefon *\/\r\n  @media (max-width: 768px) {\r\n    .surdur-banner {\r\n      height: 420px;\r\n      margin-top: -120px;\r\n    }\r\n\r\n    .surdur-banner .yazi {\r\n      padding-left: 24px;\r\n      padding-top: 180px;\r\n    }\r\n\r\n    .surdur-banner .yazi h1 {\r\n      font-size: 32px;\r\n    }\r\n  }\r\n\r\n  \/* Yana \u00e7evrilmi\u015f telefon *\/\r\n  @media (orientation: landscape) and (max-width: 768px) {\r\n    .surdur-banner {\r\n      height: 360px;\r\n      margin-top: -70px;\r\n    }\r\n\r\n    .surdur-banner .yazi {\r\n      padding-top: 130px;\r\n    }\r\n  }\r\n<\/style>\r\n\r\n<section class=\"surdur-banner\">\r\n  <img decoding=\"async\" src=\"https:\/\/exsol.com.tr\/wp-content\/uploads\/2025\/07\/26893-1.jpg\" alt=\"S\u00fcrd\u00fcr\u00fclebilirlik\">\r\n  <div class=\"yazi\">\r\n    <h1>SUSTAINABILITY<\/h1>\r\n  <\/div>\r\n<\/section>\r\n\t\t\t\t<\/div>\n\t\t\t\t<\/div>\n\t\t\t\t<\/div>\n\t\t<div class=\"elementor-element elementor-element-6284e15 e-flex e-con-boxed e-con e-parent\" data-id=\"6284e15\" data-element_type=\"container\">\n\t\t\t\t\t<div class=\"e-con-inner\">\n\t\t\t\t<div class=\"elementor-element elementor-element-1d93643 elementor-widget elementor-widget-html\" data-id=\"1d93643\" data-element_type=\"widget\" data-widget_type=\"html.default\">\n\t\t\t\t<div class=\"elementor-widget-container\">\n\t\t\t\t\t<style>\r\n  @import url('https:\/\/fonts.googleapis.com\/css2?family=Montserrat:wght@400;600;700&display=swap');\r\n\r\n  .surdurulebilirlik-bolum {\r\n    padding: 60px 20px;\r\n    background: #fff;\r\n    font-family: 'Montserrat', sans-serif;\r\n  }\r\n\r\n  .surdurulebilirlik-container {\r\n    max-width: 1200px;\r\n    margin: 0 auto;\r\n    display: flex;\r\n    align-items: center;\r\n    gap: 60px;\r\n    flex-wrap: nowrap;\r\n  }\r\n\r\n  .surdurulebilirlik-yazi {\r\n    flex: 1 1 50%;\r\n  }\r\n\r\n  .surdurulebilirlik-baslik {\r\n    font-size: 36px;\r\n    font-weight: 700;\r\n    color: #000;\r\n    margin-bottom: 20px;\r\n    text-transform: uppercase;\r\n    text-shadow: 2px 4px 12px rgba(0, 0, 0, 0.3);\r\n    opacity: 0;\r\n    transform: translateY(60px);\r\n    transition: opacity 0.8s ease, transform 0.8s ease;\r\n  }\r\n\r\n  .surdurulebilirlik-baslik.visible {\r\n    opacity: 1;\r\n    transform: translateY(0);\r\n  }\r\n\r\n  .surdurulebilirlik-aciklama {\r\n    font-size: 16px;\r\n    color: #444;\r\n    line-height: 1.7;\r\n    text-align: justify;\r\n  }\r\n\r\n  .surdurulebilirlik-resim {\r\n    flex: 1 1 15%;\r\n    position: relative;\r\n    max-width: 30%;\r\n    margin: 0 auto;\r\n  }\r\n\r\n  .surdurulebilirlik-resim img {\r\n    width: 100%;\r\n    border-radius: 8px;\r\n    display: block;\r\n    position: relative;\r\n    z-index: 0;\r\n  }\r\n\r\n  .surdurulebilirlik-resim::before {\r\n    content: \"\";\r\n    position: absolute;\r\n    inset: 0;\r\n    background: rgba(0,0,0,0.3);\r\n    border-radius: 8px;\r\n    z-index: 1;\r\n  }\r\n\r\n  @media (max-width: 768px) {\r\n    .surdurulebilirlik-container {\r\n      flex-direction: column;\r\n    }\r\n\r\n    .surdurulebilirlik-yazi,\r\n    .surdurulebilirlik-resim {\r\n      width: 100%;\r\n      max-width: 100%;\r\n      margin: 0;\r\n    }\r\n\r\n    .surdurulebilirlik-resim img {\r\n      width: 100%;\r\n      max-width: 100%;\r\n      margin: 0;\r\n      border-radius: 8px;\r\n    }\r\n\r\n    .surdurulebilirlik-baslik {\r\n      font-size: 28px;\r\n    }\r\n\r\n    .surdurulebilirlik-aciklama {\r\n      font-size: 15px;\r\n    }\r\n  }\r\n<\/style>\r\n\r\n<section class=\"surdurulebilirlik-bolum\">\r\n  <div class=\"surdurulebilirlik-container\">\r\n    <div class=\"surdurulebilirlik-yazi\">\r\n      <h2 class=\"surdurulebilirlik-baslik\" id=\"surdurulebilirlikBaslik\">SUSTAINABILITY<\/h2>\r\n      <p class=\"surdurulebilirlik-aciklama\">\r\n        While producing energy, we consider not only today but also the future. As Exsol Teknoloji, we see the principle of sustainability not merely as a concept, but as the foundation of our entire way of doing business.\nIn every stage of our projects, we focus on environmental, economic, and social sustainability, working for a more livable world.\nWith our nature-friendly production approach, socially conscious perspective, and solutions centered on economic efficiency, we aim to leave a clean environment and strong infrastructure for future generations.\nBecause we believe that true development is only possible through systems that consider not just today, but also tomorrow.\r\n      <\/p>\r\n    <\/div>\r\n    <div class=\"surdurulebilirlik-resim\">\r\n      <img decoding=\"async\" src=\"https:\/\/exsol.com.tr\/wp-content\/uploads\/2025\/07\/1675-1.jpg\" alt=\"S\u00fcrd\u00fcr\u00fclebilirlik\">\r\n    <\/div>\r\n  <\/div>\r\n<\/section>\r\n\r\n<script>\r\n  document.addEventListener(\"DOMContentLoaded\", function () {\r\n    const baslik = document.getElementById(\"surdurulebilirlikBaslik\");\r\n\r\n    const observer = new IntersectionObserver(entries => {\r\n      entries.forEach(entry => {\r\n        if (entry.isIntersecting) {\r\n          baslik.classList.add('visible');\r\n          observer.unobserve(baslik);\r\n        }\r\n      });\r\n    }, { threshold: 0.4 });\r\n\r\n    observer.observe(baslik);\r\n  });\r\n<\/script>\r\n\t\t\t\t<\/div>\n\t\t\t\t<\/div>\n\t\t\t\t\t<\/div>\n\t\t\t\t<\/div>\n\t\t<div class=\"elementor-element elementor-element-c5917f9 e-flex e-con-boxed e-con e-parent\" data-id=\"c5917f9\" data-element_type=\"container\">\n\t\t\t\t\t<div class=\"e-con-inner\">\n\t\t\t\t<div class=\"elementor-element elementor-element-4abc969 elementor-widget__width-initial elementor-widget elementor-widget-html\" data-id=\"4abc969\" data-element_type=\"widget\" data-widget_type=\"html.default\">\n\t\t\t\t<div class=\"elementor-widget-container\">\n\t\t\t\t\t<!-- Font -->\r\n<link href=\"https:\/\/fonts.googleapis.com\/css2?family=DM+Serif+Text&display=swap\" rel=\"stylesheet\">\r\n\r\n<style>\r\n  .parlxBanner457 {\r\n    background-image: url('https:\/\/exsol.com.tr\/wp-content\/uploads\/2025\/07\/3849-1.jpg');\r\n    height: 450px;\r\n    background-attachment: fixed;\r\n    background-position: center;\r\n    background-repeat: no-repeat;\r\n    background-size: cover;\r\n    position: relative;\r\n    width: 100vw;\r\n    left: 50%;\r\n    margin-left: -50vw;\r\n    overflow: hidden;\r\n  }\r\n\r\n  .parlxBanner457::after {\r\n    content: \"\";\r\n    position: absolute;\r\n    inset: 0;\r\n    background: rgba(0, 0, 0, 0.4);\r\n    z-index: 1;\r\n  }\r\n\r\n  .parlxTitle457 {\r\n    position: absolute;\r\n    top: 50%;\r\n    left: 50%;\r\n    transform: translate(-50%, 40px);\r\n    z-index: 2;\r\n    color: white;\r\n    font-family: 'DM Serif Text', serif;\r\n    font-weight: 700;\r\n    font-size: 48px;\r\n    text-shadow: 2px 4px 10px rgba(0, 0, 0, 0.6);\r\n    opacity: 0;\r\n    transition: all 1s ease;\r\n    text-align: center;\r\n    padding: 0 20px;\r\n  }\r\n\r\n  .parlxTitle457.visible {\r\n    opacity: 1;\r\n    transform: translate(-50%, -50%);\r\n  }\r\n\r\n  @media (max-width: 1024px) {\r\n    .parlxBanner457 {\r\n      background-attachment: scroll;\r\n      height: 400px;\r\n      left: 0;\r\n      margin-left: 0;\r\n    }\r\n\r\n    .parlxTitle457 {\r\n      font-size: 32px;\r\n    }\r\n  }\r\n\r\n  @media (max-width: 600px) {\r\n    .parlxTitle457 {\r\n      font-size: 22px;\r\n    }\r\n  }\r\n<\/style>\r\n\r\n<div class=\"parlxBanner457\">\r\n  <div class=\"parlxTitle457\" id=\"girisBaslik457\">EXSOL TEKNOLOJ\u0130\u2019S SUSTAINABILITY APPROACH<\/div>\r\n<\/div>\r\n\r\n<script>\r\n  document.addEventListener(\"DOMContentLoaded\", function () {\r\n    const baslik = document.getElementById(\"girisBaslik457\");\r\n\r\n    const observer = new IntersectionObserver(entries => {\r\n      entries.forEach(entry => {\r\n        if (entry.isIntersecting) {\r\n          baslik.classList.add('visible');\r\n          observer.unobserve(baslik);\r\n        }\r\n      });\r\n    }, { threshold: 0.4 });\r\n\r\n    observer.observe(baslik);\r\n  });\r\n<\/script>\r\n\t\t\t\t<\/div>\n\t\t\t\t<\/div>\n\t\t\t\t\t<\/div>\n\t\t\t\t<\/div>\n\t\t<div class=\"elementor-element elementor-element-eab9b17 e-flex e-con-boxed e-con e-parent\" data-id=\"eab9b17\" data-element_type=\"container\">\n\t\t\t\t\t<div class=\"e-con-inner\">\n\t\t\t\t<div class=\"elementor-element elementor-element-0f60534 elementor-widget elementor-widget-html\" data-id=\"0f60534\" data-element_type=\"widget\" data-widget_type=\"html.default\">\n\t\t\t\t<div class=\"elementor-widget-container\">\n\t\t\t\t\t<!-- Montserrat Font -->\r\n<link href=\"https:\/\/fonts.googleapis.com\/css2?family=Montserrat:wght@600;700&display=swap\" rel=\"stylesheet\">\r\n\r\n<style>\r\n  .exsol-surdurulebilirlik {\r\n    font-family: 'Montserrat', sans-serif;\r\n    padding: 80px 20px;\r\n    background: none;\r\n  }\r\n\r\n  .exsol-surdurulebilirlik .block {\r\n    display: flex;\r\n    align-items: center;\r\n    justify-content: space-between;\r\n    background: linear-gradient(135deg, #f0f0f0, #e5e5e5);\r\n    border-radius: 16px;\r\n    padding: 40px;\r\n    margin-bottom: 40px;\r\n    box-shadow: 0 10px 20px rgba(0,0,0,0.08);\r\n    flex-wrap: wrap;\r\n    overflow: hidden;\r\n  }\r\n\r\n  .exsol-surdurulebilirlik .block.reverse {\r\n    flex-direction: row-reverse;\r\n  }\r\n\r\n  .exsol-surdurulebilirlik .text {\r\n    flex: 1 1 50%;\r\n    padding: 20px;\r\n    min-width: 280px;\r\n  }\r\n\r\n  .exsol-surdurulebilirlik .text h3 {\r\n    font-size: 24px;\r\n    margin-bottom: 20px;\r\n    display: flex;\r\n    align-items: center;\r\n    font-weight: 700;\r\n    color: #9c1c14;\r\n    opacity: 0;\r\n    transform: translateY(40px);\r\n    transition: all 0.8s ease;\r\n    word-break: break-word;\r\n  }\r\n\r\n  .exsol-surdurulebilirlik .text h3.visible {\r\n    opacity: 1;\r\n    transform: translateY(0);\r\n  }\r\n\r\n  .exsol-surdurulebilirlik .text h3 svg {\r\n    margin-right: 12px;\r\n    width: 28px;\r\n    height: 28px;\r\n    fill: #9c1c14;\r\n    flex-shrink: 0;\r\n  }\r\n\r\n  .exsol-surdurulebilirlik .text ul {\r\n    padding-left: 0;\r\n    list-style: none;\r\n    margin: 0;\r\n  }\r\n\r\n  .exsol-surdurulebilirlik .text ul p {\r\n    font-size: 16px;\r\n    color: #333;\r\n    line-height: 1.6;\r\n    margin: 0;\r\n    word-break: break-word;\r\n  }\r\n\r\n  .exsol-surdurulebilirlik .image {\r\n    flex: 1 1 40%;\r\n    padding: 20px;\r\n    min-width: 280px;\r\n  }\r\n\r\n  .exsol-surdurulebilirlik .image img {\r\n    width: 100%;\r\n    height: auto;\r\n    border-radius: 12px;\r\n    filter: brightness(0.7);\r\n    display: block;\r\n  }\r\n\r\n  @media (max-width: 1024px) {\r\n    .exsol-surdurulebilirlik .text, \r\n    .exsol-surdurulebilirlik .image {\r\n      flex: 1 1 100%;\r\n      max-width: 100%;\r\n    }\r\n  }\r\n\r\n  @media (max-width: 768px) {\r\n    .exsol-surdurulebilirlik .block,\r\n    .exsol-surdurulebilirlik .block.reverse {\r\n      flex-direction: column;\r\n      padding: 20px;\r\n    }\r\n\r\n    .exsol-surdurulebilirlik .text h3 {\r\n      font-size: 20px;\r\n    }\r\n\r\n    .exsol-surdurulebilirlik .text ul p {\r\n      font-size: 15px;\r\n    }\r\n  }\r\n<\/style>\r\n\r\n<section class=\"exsol-surdurulebilirlik\">\r\n\r\n  <div class=\"block\">\r\n    <div class=\"text\">\r\n      <h3>\r\n        <svg viewbox=\"0 0 24 24\"><path d=\"M21 7.5C21 5.015 18.985 3 16.5 3 15.146 3 13.92 3.594 13.085 4.547A7.96 7.96 0 0 0 12 4.25C7.719 4.25 4.25 7.719 4.25 12c0 3.437 2.156 6.375 5.438 7.406.188.062.375.094.562.094.203 0 .406-.031.594-.094C14.75 18.906 19.75 13.25 21 7.5zM10 14l1.5-2H9l1.5-2h2L11 14h-1z\" fill=\"#9c1c14\"\/><\/svg>\r\n        ENVIRONMENTAL RESPONSIBILITY\r\n      <\/h3>\r\n      <ul>\r\n        <p>\r\n          At Exsol Teknoloji, we see protecting nature not just as a duty, but as an inseparable part of our existence.\nThrough our renewable energy solutions, we reduce carbon emissions and minimize dependence on fossil fuels.\nIn our installations, we act in harmony with the ecosystem and apply methods that do not harm the environment.\nMoreover, with the recyclable structure of our solar panels, we reduce waste generation and take active responsibility for a sustainable future.\r\n        <\/p>\r\n      <\/ul>\r\n    <\/div>\r\n    <div class=\"image\">\r\n      <img decoding=\"async\" src=\"https:\/\/exsol.com.tr\/wp-content\/uploads\/2025\/07\/2894-1.jpg\" alt=\"\u00c7evresel Sorumluluk\">\r\n    <\/div>\r\n  <\/div>\r\n\r\n  <div class=\"block reverse\">\r\n    <div class=\"text\">\r\n      <h3>\r\n        <svg viewbox=\"0 0 24 24\"><path d=\"M12 12c2.7 0 4.5-2.4 4.5-4.5S14.7 3 12 3 7.5 5.4 7.5 7.5 9.3 12 12 12zm0 1.5c-3 0-9 1.5-9 4.5V21h18v-3c0-3-6-4.5-9-4.5z\"\/><\/svg>\r\n        SOCIAL SUSTAINABILITY\r\n      <\/h3>\r\n      <ul>\r\n        <p>\r\n          Exsol Teknoloji not only produces technology but also adopts adding value to society as a core principle.\nBy prioritizing local employment, we create economic vitality in regions and support social development.\nWe also raise awareness among both children and adults through educational programs focused on environmental awareness, energy efficiency, and sustainable living.\nOur goal is to build a more livable future with conscious individuals.\r\n        <\/p>\r\n      <\/ul>\r\n    <\/div>\r\n    <div class=\"image\">\r\n      <img decoding=\"async\" src=\"https:\/\/exsol.com.tr\/wp-content\/uploads\/2025\/07\/2599-1.jpg\" alt=\"Sosyal Sorumluluk\">\r\n    <\/div>\r\n  <\/div>\r\n\r\n  <div class=\"block\">\r\n    <div class=\"text\">\r\n      <h3>\r\n        <svg viewbox=\"0 0 24 24\"><path d=\"M13 2L3 14h7v8l10-12h-7z\"\/><\/svg>\r\n        ECONOMIC SUSTAINABILITY\r\n      <\/h3>\r\n      <ul>\r\n        <p>\r\n          At Exsol Teknoloji, we do not see economic sustainability as merely reducing costs.\nThrough our long-term investments, we help minimize our customers\u2019 energy expenses while also contributing to the national economy.\nThanks to the efficiency of the systems we build, we shorten the payback period and reduce external dependency by enabling users to generate their own energy.\nAdditionally, with our low-maintenance and long-lasting technologies, we allow businesses and individuals to use their resources more efficiently.\r\n        <\/p>\r\n      <\/ul>\r\n    <\/div>\r\n    <div class=\"image\">\r\n      <img decoding=\"async\" src=\"https:\/\/exsol.com.tr\/wp-content\/uploads\/2025\/07\/1053-1.jpg\" alt=\"Ekonomik Sorumluluk\">\r\n    <\/div>\r\n  <\/div>\r\n<\/section>\r\n\r\n<script>\r\n  document.addEventListener(\"DOMContentLoaded\", function () {\r\n    const altBasliklar = document.querySelectorAll(\".text h3\");\r\n    const observer = new IntersectionObserver(entries => {\r\n      entries.forEach(entry => {\r\n        if (entry.isIntersecting) {\r\n          entry.target.classList.add(\"visible\");\r\n        }\r\n      });\r\n    }, { threshold: 0.5 });\r\n\r\n    altBasliklar.forEach(baslik => observer.observe(baslik));\r\n  });\r\n<\/script>\r\n\t\t\t\t<\/div>\n\t\t\t\t<\/div>\n\t\t\t\t\t<\/div>\n\t\t\t\t<\/div>\n\t\t\t\t<\/div>","protected":false},"excerpt":{"rendered":"<p>S\u00dcRD\u00dcR\u00dcLEB\u0130L\u0130RL\u0130K S\u00dcRD\u00dcR\u00dcLEB\u0130L\u0130RL\u0130K Enerji \u00fcretirken yaln\u0131zca bug\u00fcn\u00fc de\u011fil, gelece\u011fi de d\u00fc\u015f\u00fcn\u00fcyoruz. Exsol Teknoloji olarak s\u00fcrd\u00fcr\u00fclebilirlik ilkesini yaln\u0131zca bir kavram de\u011fil, t\u00fcm i\u015f yap\u0131\u015f bi\u00e7imimizin temeli olarak g\u00f6r\u00fcyoruz. Projelerimizin her a\u015famas\u0131nda \u00e7evresel, ekonomik ve toplumsal s\u00fcrd\u00fcr\u00fclebilirli\u011fi oda\u011f\u0131m\u0131za al\u0131yor; daha ya\u015fanabilir bir d\u00fcnya i\u00e7in \u00e7al\u0131\u015f\u0131yoruz. Do\u011faya sayg\u0131l\u0131 \u00fcretim anlay\u0131\u015f\u0131m\u0131z, topluma duyarl\u0131 yakla\u015f\u0131m\u0131m\u0131z ve ekonomik verimlilik odakl\u0131 \u00e7\u00f6z\u00fcmlerimizle, gelecek [&hellip;]<\/p>","protected":false},"author":1,"featured_media":0,"parent":0,"menu_order":0,"comment_status":"closed","ping_status":"closed","template":"","meta":{"inline_featured_image":false,"footnotes":""},"class_list":["post-127","page","type-page","status-publish","hentry"],"_links":{"self":[{"href":"https:\/\/exsol.com.tr\/en\/wp-json\/wp\/v2\/pages\/127","targetHints":{"allow":["GET"]}}],"collection":[{"href":"https:\/\/exsol.com.tr\/en\/wp-json\/wp\/v2\/pages"}],"about":[{"href":"https:\/\/exsol.com.tr\/en\/wp-json\/wp\/v2\/types\/page"}],"author":[{"embeddable":true,"href":"https:\/\/exsol.com.tr\/en\/wp-json\/wp\/v2\/users\/1"}],"replies":[{"embeddable":true,"href":"https:\/\/exsol.com.tr\/en\/wp-json\/wp\/v2\/comments?post=127"}],"version-history":[{"count":0,"href":"https:\/\/exsol.com.tr\/en\/wp-json\/wp\/v2\/pages\/127\/revisions"}],"wp:attachment":[{"href":"https:\/\/exsol.com.tr\/en\/wp-json\/wp\/v2\/media?parent=127"}],"curies":[{"name":"wp","href":"https:\/\/api.w.org\/{rel}","templated":true}]}}